{"id":1189,"date":"2022-10-05T17:15:45","date_gmt":"2022-10-05T15:15:45","guid":{"rendered":"https:\/\/www.camping-jardins-atlantique.com\/activities\/"},"modified":"2026-03-27T11:27:22","modified_gmt":"2026-03-27T10:27:22","slug":"activities","status":"publish","type":"page","link":"https:\/\/www.camping-jardins-atlantique.com\/en\/activities\/","title":{"rendered":"Activities"},"content":{"rendered":"\n<figure class=\"wp-block-image alignfull size-large\"><img width=\"1024\" height=\"741\" src=\"https:\/\/www.camping-jardins-atlantique.com\/wp-content\/uploads\/2023\/07\/20230523_114119-1-1024x741.jpg\" alt=\"city stade&#10;foot basket ball&#10;multisport&#10;saint jean de monts\" class=\"wp-image-1967\" srcset=\"https:\/\/www.camping-jardins-atlantique.com\/wp-content\/uploads\/2023\/07\/20230523_114119-1-1024x741.jpg 1024w, https:\/\/www.camping-jardins-atlantique.com\/wp-content\/uploads\/2023\/07\/20230523_114119-1-300x217.jpg 300w, https:\/\/www.camping-jardins-atlantique.com\/wp-content\/uploads\/2023\/07\/20230523_114119-1-768x556.jpg 768w, https:\/\/www.camping-jardins-atlantique.com\/wp-content\/uploads\/2023\/07\/20230523_114119-1-1536x1111.jpg 1536w, https:\/\/www.camping-jardins-atlantique.com\/wp-content\/uploads\/2023\/07\/20230523_114119-1-2048x1482.jpg 2048w\" sizes=\"(max-width: 1024px) 100vw, 1024px\" \/><\/figure>\n\n<section class=\"wp-container-69f4f20491afd wp-block-group F-05-a\"><div class=\"wp-block-group__inner-container\">\n<div class=\"wp-block-columns are-vertically-aligned-center\">\n<div class=\"wp-block-column is-vertically-aligned-center\">\n<h1 class=\"titre2\" id=\"location-de-mobil-homes-a-saint-jean-de-monts\">Activities and entertainment at the <mark style=\"background-color:rgba(0, 0, 0, 0)\" class=\"has-inline-color has-orange-color\">St-Jean-de-Monts<\/mark> campsite<\/h1>\n\n\n\n<p>Our <a rel=\"noreferrer noopener\" href=\"https:\/\/www.camping-jardins-atlantique.com\/en\/\" target=\"_blank\">Saint-Jean-de-Monts campsite<\/a> offers a wide range of <strong>activities for the whole family<\/strong> in the Vend\u00e9e, by the sea and with direct access to the Pays de Monts national forest. Find happiness in simple pleasures.<\/p>\n\n\n\n<div class=\"wp-container-69f4f2049151e wp-block-group pictos columns-4\">\n<div class=\"wp-container-69f4f204907be wp-block-group\"><div class=\"wp-block-group__inner-container\">\n<p class=\"has-orange-color has-text-color\"><i class=\"fal fa-child\"><\/i><\/p>\n\n\n\n<p>Children&#8217;s playground with inflatable structures<\/p>\n<\/div><\/div>\n\n\n\n<div class=\"wp-container-69f4f20490b4a wp-block-group\"><div class=\"wp-block-group__inner-container\">\n<p class=\"has-orange-color has-text-color\"><i class=\"fal fa-futbol\"><\/i><\/p>\n\n\n\n<p>City stadium<\/p>\n<\/div><\/div>\n\n\n\n<div class=\"wp-container-69f4f20490eac wp-block-group\"><div class=\"wp-block-group__inner-container\">\n<p class=\"has-orange-color has-text-color\"><i class=\"fal fa-trees\"><\/i><\/p>\n\n\n\n<p>Direct access to the state forest of Pays de Monts<\/p>\n<\/div><\/div>\n\n\n\n<div class=\"wp-container-69f4f20491229 wp-block-group\"><div class=\"wp-block-group__inner-container\">\n<p class=\"has-orange-color has-text-color\"><i class=\"fal fa-table-tennis-paddle-ball\"><\/i><\/p>\n\n\n\n<p>Ping-pong tables<\/p>\n\n\n\n<p>Billodrome<\/p>\n<\/div><\/div>\n<\/div>\n<\/div>\n\n\n\n<div class=\"wp-block-column is-vertically-aligned-center\" style=\"flex-basis:40%\">\n<figure class=\"wp-block-gallery has-nested-images columns-7 is-cropped diaporama--3\">\n<figure class=\"wp-block-image size-large object-position--bottom contain\"><img width=\"768\" height=\"1024\" src=\"https:\/\/www.camping-jardins-atlantique.com\/wp-content\/uploads\/2022\/07\/Girafe-scaled-1-768x1024.jpg\" alt=\"\" class=\"wp-image-544\" srcset=\"https:\/\/www.camping-jardins-atlantique.com\/wp-content\/uploads\/2022\/07\/Girafe-scaled-1-768x1024.jpg 768w, https:\/\/www.camping-jardins-atlantique.com\/wp-content\/uploads\/2022\/07\/Girafe-scaled-1-225x300.jpg 225w, https:\/\/www.camping-jardins-atlantique.com\/wp-content\/uploads\/2022\/07\/Girafe-scaled-1-1152x1536.jpg 1152w, https:\/\/www.camping-jardins-atlantique.com\/wp-content\/uploads\/2022\/07\/Girafe-scaled-1-1536x2048.jpg 1536w, https:\/\/www.camping-jardins-atlantique.com\/wp-content\/uploads\/2022\/07\/Girafe-scaled-1.jpg 1920w\" sizes=\"(max-width: 768px) 100vw, 768px\" \/><\/figure>\n\n\n\n<figure class=\"wp-block-image size-large\"><img width=\"579\" height=\"300\" src=\"https:\/\/www.camping-jardins-atlantique.com\/wp-content\/uploads\/2022\/07\/JA-piscines4.jpg\" alt=\"\" class=\"wp-image-538\" srcset=\"https:\/\/www.camping-jardins-atlantique.com\/wp-content\/uploads\/2022\/07\/JA-piscines4.jpg 579w, https:\/\/www.camping-jardins-atlantique.com\/wp-content\/uploads\/2022\/07\/JA-piscines4-300x155.jpg 300w\" sizes=\"(max-width: 579px) 100vw, 579px\" \/><\/figure>\n\n\n\n<figure class=\"wp-block-image size-large\"><img width=\"640\" height=\"480\" src=\"https:\/\/www.camping-jardins-atlantique.com\/wp-content\/uploads\/2022\/07\/Jeux-Iles.jpg\" alt=\"\" class=\"wp-image-540\" srcset=\"https:\/\/www.camping-jardins-atlantique.com\/wp-content\/uploads\/2022\/07\/Jeux-Iles.jpg 640w, https:\/\/www.camping-jardins-atlantique.com\/wp-content\/uploads\/2022\/07\/Jeux-Iles-300x225.jpg 300w\" sizes=\"(max-width: 640px) 100vw, 640px\" \/><\/figure>\n\n\n\n<figure class=\"wp-block-image size-large\"><img width=\"960\" height=\"720\" src=\"https:\/\/www.camping-jardins-atlantique.com\/wp-content\/uploads\/2022\/07\/Jeux-ramiers.jpg\" alt=\"\" class=\"wp-image-546\" srcset=\"https:\/\/www.camping-jardins-atlantique.com\/wp-content\/uploads\/2022\/07\/Jeux-ramiers.jpg 960w, https:\/\/www.camping-jardins-atlantique.com\/wp-content\/uploads\/2022\/07\/Jeux-ramiers-300x225.jpg 300w, https:\/\/www.camping-jardins-atlantique.com\/wp-content\/uploads\/2022\/07\/Jeux-ramiers-768x576.jpg 768w\" sizes=\"(max-width: 960px) 100vw, 960px\" \/><\/figure>\n\n\n\n<figure class=\"wp-block-image size-large\"><img width=\"768\" height=\"1024\" src=\"https:\/\/www.camping-jardins-atlantique.com\/wp-content\/uploads\/2023\/07\/20230523_114145-1-768x1024.jpg\" alt=\"\" class=\"wp-image-1961\" srcset=\"https:\/\/www.camping-jardins-atlantique.com\/wp-content\/uploads\/2023\/07\/20230523_114145-1-768x1024.jpg 768w, https:\/\/www.camping-jardins-atlantique.com\/wp-content\/uploads\/2023\/07\/20230523_114145-1-225x300.jpg 225w, https:\/\/www.camping-jardins-atlantique.com\/wp-content\/uploads\/2023\/07\/20230523_114145-1-1152x1536.jpg 1152w, https:\/\/www.camping-jardins-atlantique.com\/wp-content\/uploads\/2023\/07\/20230523_114145-1-1536x2048.jpg 1536w, https:\/\/www.camping-jardins-atlantique.com\/wp-content\/uploads\/2023\/07\/20230523_114145-1-scaled.jpg 1920w\" sizes=\"(max-width: 768px) 100vw, 768px\" \/><\/figure>\n\n\n\n<figure class=\"wp-block-image size-large\"><img width=\"1024\" height=\"768\" src=\"https:\/\/www.camping-jardins-atlantique.com\/wp-content\/uploads\/2025\/04\/20250418_094329-1024x768.jpg\" alt=\"\" class=\"wp-image-2719\" srcset=\"https:\/\/www.camping-jardins-atlantique.com\/wp-content\/uploads\/2025\/04\/20250418_094329-1024x768.jpg 1024w, https:\/\/www.camping-jardins-atlantique.com\/wp-content\/uploads\/2025\/04\/20250418_094329-300x225.jpg 300w, https:\/\/www.camping-jardins-atlantique.com\/wp-content\/uploads\/2025\/04\/20250418_094329-768x576.jpg 768w, https:\/\/www.camping-jardins-atlantique.com\/wp-content\/uploads\/2025\/04\/20250418_094329-1536x1152.jpg 1536w, https:\/\/www.camping-jardins-atlantique.com\/wp-content\/uploads\/2025\/04\/20250418_094329-2048x1536.jpg 2048w\" sizes=\"(max-width: 1024px) 100vw, 1024px\" \/><\/figure>\n<\/figure>\n<\/div>\n<\/div>\n\n\n\n<div class=\"wp-block-columns\">\n<div class=\"wp-block-column\">\n<figure class=\"wp-block-gallery has-nested-images columns-default is-cropped\">\n<figure class=\"wp-block-image size-large\"><img width=\"640\" height=\"480\" src=\"https:\/\/www.camping-jardins-atlantique.com\/wp-content\/uploads\/2022\/07\/jardins-atlantique-piscine-exterieure.jpg\" alt=\"heated pool waterslide&#10;camping jardins atlantique\" class=\"wp-image-735\" srcset=\"https:\/\/www.camping-jardins-atlantique.com\/wp-content\/uploads\/2022\/07\/jardins-atlantique-piscine-exterieure.jpg 640w, https:\/\/www.camping-jardins-atlantique.com\/wp-content\/uploads\/2022\/07\/jardins-atlantique-piscine-exterieure-300x225.jpg 300w\" sizes=\"(max-width: 640px) 100vw, 640px\" \/><\/figure>\n\n\n\n<figure class=\"wp-block-image size-large\"><img width=\"1024\" height=\"768\" src=\"https:\/\/www.camping-jardins-atlantique.com\/wp-content\/uploads\/2025\/04\/20250327_121944-1-1024x768.jpg\" alt=\"indoor pool&#10;massaging bench&#10;saint jean de monts&#10;jardins atlantique\" class=\"wp-image-2721\" srcset=\"https:\/\/www.camping-jardins-atlantique.com\/wp-content\/uploads\/2025\/04\/20250327_121944-1-1024x768.jpg 1024w, https:\/\/www.camping-jardins-atlantique.com\/wp-content\/uploads\/2025\/04\/20250327_121944-1-300x225.jpg 300w, https:\/\/www.camping-jardins-atlantique.com\/wp-content\/uploads\/2025\/04\/20250327_121944-1-768x576.jpg 768w, https:\/\/www.camping-jardins-atlantique.com\/wp-content\/uploads\/2025\/04\/20250327_121944-1-1536x1152.jpg 1536w, https:\/\/www.camping-jardins-atlantique.com\/wp-content\/uploads\/2025\/04\/20250327_121944-1-2048x1536.jpg 2048w\" sizes=\"(max-width: 1024px) 100vw, 1024px\" \/><\/figure>\n<\/figure>\n<\/div>\n\n\n\n<div class=\"wp-block-column\" style=\"flex-basis:40%\">\n<h2 id=\"notre-camping-avec-parc-aquatique-et-espace-bien-etre\">Our campsite with water park <mark style=\"background-color:rgba(0, 0, 0, 0)\" class=\"has-inline-color has-orange-color\">and wellness area<\/mark><\/h2>\n\n\n\n<p>Take advantage of our aquatic area with swimming pools. The campsite provides :<\/p>\n\n\n\n<ul><li>An outdoor pool area (14 May to 30 August) with a swimming pool and paddling pool heated from 4 July to 30 August (unsupervised),<\/li><li>Water slides and heated water games in our outdoor pool from May 14 to August 30<br\/>weekends and school vacations,<\/li><li>Indoor pool (unsupervised) open from April 4 to September 20 &#8211; including heated indoor pool from April 11 to September 20<\/li><li>A hot tub for relaxation and a paddling pool with a mushroom-shaped fountain.<\/li><\/ul>\n<\/div>\n<\/div>\n<\/div><\/section>\n\n<div class=\"wp-block-cover alignfull F-15-a\"><span aria-hidden=\"true\" class=\"has-background-dim-0 wp-block-cover__gradient-background has-background-dim\"><\/span><img width=\"2560\" height=\"3413\" class=\"wp-block-cover__image-background wp-image-1166\" alt=\"\" src=\"https:\/\/www.camping-jardins-atlantique.com\/wp-content\/uploads\/2022\/10\/testActivite.png\" data-object-fit=\"cover\" srcset=\"https:\/\/www.camping-jardins-atlantique.com\/wp-content\/uploads\/2022\/10\/testActivite.png 2560w, https:\/\/www.camping-jardins-atlantique.com\/wp-content\/uploads\/2022\/10\/testActivite-225x300.png 225w, https:\/\/www.camping-jardins-atlantique.com\/wp-content\/uploads\/2022\/10\/testActivite-768x1024.png 768w, https:\/\/www.camping-jardins-atlantique.com\/wp-content\/uploads\/2022\/10\/testActivite-1152x1536.png 1152w, https:\/\/www.camping-jardins-atlantique.com\/wp-content\/uploads\/2022\/10\/testActivite-1536x2048.png 1536w\" sizes=\"(max-width: 2560px) 100vw, 2560px\" \/><div class=\"wp-block-cover__inner-container\">\n<h2 id=\"notre-camping-avec-parc-aquatique-et-espace-bien-etre\">4-star campsite entertainment<\/h2>\n\n\n\n<p>Evening entertainment at the <strong>4-star campsite in St-Jean-de-Monts<\/strong>:<\/p>\n\n\n\n<ul><li>Children\u2019s workshop with fun activities (6 July \u2013 21 August)<\/li><li>Petanque area for family fun (contest, fee)<\/li><li>Games room (with charge)<\/li><li>Dance parties<\/li><li>Themed meals (fee required)  <\/li><li>Television<\/li><\/ul>\n<\/div><\/div>\n\n<section class=\"wp-container-69f4f204926fe wp-block-group F-10-a\"><div class=\"wp-block-group__inner-container\">\n<div class=\"wp-block-columns\">\n<div class=\"wp-block-column\" style=\"flex-basis:38%\">\n<figure class=\"wp-block-image size-full\"><img width=\"640\" height=\"480\" src=\"https:\/\/www.camping-jardins-atlantique.com\/wp-content\/uploads\/2022\/07\/atelier-enfants.jpg\" alt=\"children activities&#10;painting shell games&#10;les jardins de l'atlantique\" class=\"wp-image-855\" srcset=\"https:\/\/www.camping-jardins-atlantique.com\/wp-content\/uploads\/2022\/07\/atelier-enfants.jpg 640w, https:\/\/www.camping-jardins-atlantique.com\/wp-content\/uploads\/2022\/07\/atelier-enfants-300x225.jpg 300w\" sizes=\"(max-width: 640px) 100vw, 640px\" \/><\/figure>\n<\/div>\n\n\n\n<div class=\"wp-block-column\">\n<h2 id=\"location-de-mobil-homes-a-saint-jean-de-monts\"><mark style=\"background-color:rgba(0, 0, 0, 0)\" class=\"has-inline-color has-vert-color\">Discover the activities<\/mark> of our campsite<\/h2>\n\n\n\n<p>Make the most of your stay at the family-friendly Les Jardins de l&#8217;Atlantique campsite, the perfect base for exploring Saint-Jean-de-Monts and the Vend\u00e9e: fine sandy beaches, seaside resorts, the Atlantic coast, water sports, and more. <\/p>\n\n\n\n<p class=\"txt_lireplus\">Between 2 swims in our water park with indoor heated pool or our outdoor pool with waterslides and water games, make the most of your vacation and discover rich family moments, then set off to discover the Vend\u00e9e. From sandy beaches to pretty seaside resorts, you&#8217;ll find plenty to explore and discover on the shores of the Atlantic Ocean at our <strong>campsite in the Vend\u00e9e<\/strong>. Come and change your pace. <\/p>\n\n\n\n<p class=\"txt_lireplus\">Stay at our <strong>4-star campsite in Saint-Jean-de-Monts<\/strong> and enjoy a wide range of comfortable <a href=\"https:\/\/www.camping-jardins-atlantique.com\/en\/rentals\/\">mobile home<\/a> rentals, as well as our camping <a rel=\"noreferrer noopener\" href=\"https:\/\/www.camping-jardins-atlantique.com\/emplacement-camping-st-jean-de-monts\/\" data-type=\"page\" data-id=\"601\" target=\"_blank\">pitches<\/a> for tents, vans, camper vans, caravans&#8230; on the C\u00f4te de Lumi\u00e8re in the Vend\u00e9e. <strong>Farniente, swimming, sports or water activities<\/strong> on or in the water, you&#8217;ll find the right activity for the whole family at our campsite with swimming pools. Take advantage of our 4-star service with snack bar, sanitary facilities (baby area), laundry and bike hire, for a stay in our campsite with a wide variety of accommodation.   <\/p>\n\n\n\n<div class=\"wp-block-group lire-plus-mobile\"><div class=\"wp-block-group__inner-container\">\n<p>Read more<\/p>\n\n\n\n<div class=\"wp-container-69f4f2049204b wp-block-group\"><div class=\"wp-block-group__inner-container\">\n<p class=\"txt_lireplus\">Between 2 swims in our water park with indoor heated pool or our outdoor pool with slides, make the most of your vacation and discover rich family moments, then set off to discover the Vend\u00e9e. From sandy beaches to pretty seaside resorts, you&#8217;ll find plenty to explore and discover on the shores of the Atlantic Ocean at our <strong>campsite in the Vend\u00e9e<\/strong>. Come and change your pace. <\/p>\n\n\n\n<p class=\"txt_lireplus\">Stay at our <strong>4-star campsite in Saint-Jean-de-Monts<\/strong> and enjoy a wide range of comfortable <a href=\"https:\/\/www.camping-jardins-atlantique.com\/en\/rentals\/\">mobile home<\/a> rentals, as well as our campsite <a rel=\"noreferrer noopener\" href=\"https:\/\/www.camping-jardins-atlantique.com\/emplacement-camping-st-jean-de-monts\/\" data-type=\"page\" data-id=\"601\" target=\"_blank\">pitches<\/a> on the C\u00f4te de Lumi\u00e8re in the Vend\u00e9e. <strong>Farniente, swimming, sports or water activities<\/strong> on or in the water, you&#8217;ll find the right activity for the whole family at our campsite with swimming pools. You can also take advantage of our 4-star service, with a snack restaurant, sanitary facilities (baby area) and bike rental, for a stay in our campsite with a wide variety of accommodation. <\/p>\n<\/div><\/div>\n<\/div><\/div>\n\n\n\n<div class=\"wp-container-69f4f204923d0 wp-block-buttons\">\n<div class=\"wp-block-button is-style-outline\"><a class=\"wp-block-button__link has-vert-color has-text-color\" href=\"https:\/\/www.camping-jardins-atlantique.com\/en\/services\/\">See the services of the campsite<\/a><\/div>\n\n\n\n<div class=\"wp-block-button\"><a class=\"wp-block-button__link has-vert-background-color has-background\" href=\"https:\/\/www.camping-jardins-atlantique.com\/en\/photo-gallery\/?galerie=activites\"><i class=\"fal fa-camera\"><\/i>  Discover the photo gallery<\/a><\/div>\n<\/div>\n<\/div>\n<\/div>\n<\/div><\/section>\n","protected":false},"excerpt":{"rendered":"<p>Activities and entertainment at the St-Jean-de-Monts campsite Our Saint-Jean-de-Monts campsite offers a wide range of activities for the whole family in the Vend\u00e9e, by the sea and with direct access to the Pays de Monts national forest. Find happiness in simple pleasures. Children&#8217;s playground with inflatable structures City stadium Direct access to the state forest [&hellip;]<\/p>\n","protected":false},"author":1,"featured_media":0,"parent":0,"menu_order":0,"comment_status":"closed","ping_status":"closed","template":"","meta":[],"acf":[],"_links":{"self":[{"href":"https:\/\/www.camping-jardins-atlantique.com\/en\/wp-json\/wp\/v2\/pages\/1189"}],"collection":[{"href":"https:\/\/www.camping-jardins-atlantique.com\/en\/wp-json\/wp\/v2\/pages"}],"about":[{"href":"https:\/\/www.camping-jardins-atlantique.com\/en\/wp-json\/wp\/v2\/types\/page"}],"author":[{"embeddable":true,"href":"https:\/\/www.camping-jardins-atlantique.com\/en\/wp-json\/wp\/v2\/users\/1"}],"replies":[{"embeddable":true,"href":"https:\/\/www.camping-jardins-atlantique.com\/en\/wp-json\/wp\/v2\/comments?post=1189"}],"version-history":[{"count":6,"href":"https:\/\/www.camping-jardins-atlantique.com\/en\/wp-json\/wp\/v2\/pages\/1189\/revisions"}],"predecessor-version":[{"id":3146,"href":"https:\/\/www.camping-jardins-atlantique.com\/en\/wp-json\/wp\/v2\/pages\/1189\/revisions\/3146"}],"wp:attachment":[{"href":"https:\/\/www.camping-jardins-atlantique.com\/en\/wp-json\/wp\/v2\/media?parent=1189"}],"curies":[{"name":"wp","href":"https:\/\/api.w.org\/{rel}","templated":true}]}}