{"id":1216,"date":"2022-10-05T17:19:11","date_gmt":"2022-10-05T15:19:11","guid":{"rendered":"https:\/\/www.camping-jardins-atlantique.com\/the-beaches-of-saint-jean-de-monts\/"},"modified":"2026-03-27T11:33:12","modified_gmt":"2026-03-27T10:33:12","slug":"the-beaches-of-saint-jean-de-monts","status":"publish","type":"page","link":"https:\/\/www.camping-jardins-atlantique.com\/en\/the-beaches-of-saint-jean-de-monts\/","title":{"rendered":"The beaches of Saint-Jean-De-Monts"},"content":{"rendered":"\n<figure class=\"wp-block-image alignfull size-large is-style-default\"><img width=\"1024\" height=\"768\" src=\"https:\/\/www.camping-jardins-atlantique.com\/wp-content\/uploads\/2022\/07\/index8-1024x768.jpg\" alt=\"\" class=\"wp-image-898\" srcset=\"https:\/\/www.camping-jardins-atlantique.com\/wp-content\/uploads\/2022\/07\/index8-1024x768.jpg 1024w, https:\/\/www.camping-jardins-atlantique.com\/wp-content\/uploads\/2022\/07\/index8-300x225.jpg 300w, https:\/\/www.camping-jardins-atlantique.com\/wp-content\/uploads\/2022\/07\/index8-768x576.jpg 768w, https:\/\/www.camping-jardins-atlantique.com\/wp-content\/uploads\/2022\/07\/index8.jpg 1280w\" sizes=\"(max-width: 1024px) 100vw, 1024px\" \/><\/figure>\n\n<section class=\"wp-container-69f25df945462 wp-block-group F-05-a\"><div class=\"wp-block-group__inner-container\">\n<div class=\"wp-block-columns\">\n<div class=\"wp-block-column\" style=\"flex-basis:40%\">\n<figure class=\"wp-block-image size-large\"><img width=\"1024\" height=\"768\" src=\"https:\/\/www.camping-jardins-atlantique.com\/wp-content\/uploads\/2022\/07\/index8-1024x768.jpg\" alt=\"\" class=\"wp-image-898\" srcset=\"https:\/\/www.camping-jardins-atlantique.com\/wp-content\/uploads\/2022\/07\/index8-1024x768.jpg 1024w, https:\/\/www.camping-jardins-atlantique.com\/wp-content\/uploads\/2022\/07\/index8-300x225.jpg 300w, https:\/\/www.camping-jardins-atlantique.com\/wp-content\/uploads\/2022\/07\/index8-768x576.jpg 768w, https:\/\/www.camping-jardins-atlantique.com\/wp-content\/uploads\/2022\/07\/index8.jpg 1280w\" sizes=\"(max-width: 1024px) 100vw, 1024px\" \/><\/figure>\n<\/div>\n\n\n\n<div class=\"wp-block-column\">\n<h1 id=\"les-plages-saint-jean-de-monts\"><mark style=\"background-color:rgba(0, 0, 0, 0)\" class=\"has-inline-color has-vert-color\">The beaches<\/mark> of Saint Jean de Monts<\/h1>\n\n\n\n<h2 class=\"titre3 has-vert-color has-text-color\" id=\"les-plages-a-saint-jean-de-monts-en-vendee\">The beaches in Saint Jean de Monts, in the Vend\u00e9e<\/h2>\n\n\n\n<p>Our 4 star campsite Les Jardins de l&#8217;Atlantique, in Saint Jean de Monts, is located 1800 meters from the beach. Ideal to spend vacations with family or friends in camping and enjoy the beach of the Atlantic Ocean.<\/p>\n\n\n\n<p>The country of Saint Jean de Monts has 22 beaches, from the creek to the large sandy beaches. Come and enjoy the C\u00f4te de Lumi\u00e8re with a water temperature of 16 to 21 degrees between May and September.<\/p>\n<\/div>\n<\/div>\n\n\n\n<div class=\"wp-block-columns are-vertically-aligned-center\">\n<div class=\"wp-block-column is-vertically-aligned-center\" style=\"flex-basis:40%\">\n<h2 id=\"decouvrez-les-plages-de-saint-jean-de-monts-sur-la-cote-de-lumiere\">Discover the beaches of Saint Jean de Monts <mark style=\"background-color:rgba(0, 0, 0, 0)\" class=\"has-inline-color has-vert-color\">on the C\u00f4te de Lumi\u00e8re<\/mark><\/h2>\n\n\n\n<p>In July and August, enjoy 8 km of supervised beaches in Saint Jean de Monts. <strong>The Plage de l&#8217;Estacade in Saint Jean de Monts<\/strong> is unique in the Vend\u00e9e for its 400 m boom. For more variety, head north to Plage du Golf and south to Plage de la Baigneuse.  Discover the Vend\u00e9e coastline, the fine sandy beaches, the Atlantic Ocean and the numerous water sports. The seaside resort of <a href=\"https:\/\/www.camping-jardins-atlantique.com\/en\/saint-jean-de-monts\/\" data-type=\"page\" data-id=\"634\">Saint Jean de Monts<\/a> is located between the island of <a href=\"https:\/\/www.camping-jardins-atlantique.com\/en\/noirmoutier\/\" data-type=\"page\" data-id=\"615\">Noirmoutier<\/a>, <a href=\"https:\/\/www.camping-jardins-atlantique.com\/en\/yeu-island\/\" data-type=\"page\" data-id=\"613\">the island of Yeu<\/a> and the Sables d&#8217;Olonne, without forgetting Saint Gilles Croix de Vie.<\/p>\n\n\n\n<p>Discover the Vend\u00e9e coastline and the many beaches of the C\u00f4te des Lumi\u00e8res. We propose you a selection of the beaches of Saint Jean de Monts to prepare at best your vacations in our campsite the Gardens of the Atlantic.<\/p>\n<\/div>\n\n\n\n<div class=\"wp-block-column is-vertically-aligned-center\">\n<figure class=\"wp-block-image size-full\"><img width=\"1024\" height=\"278\" src=\"https:\/\/www.camping-jardins-atlantique.com\/wp-content\/uploads\/2022\/07\/pont-noirmoutier.jpg\" alt=\"\" class=\"wp-image-672\" srcset=\"https:\/\/www.camping-jardins-atlantique.com\/wp-content\/uploads\/2022\/07\/pont-noirmoutier.jpg 1024w, https:\/\/www.camping-jardins-atlantique.com\/wp-content\/uploads\/2022\/07\/pont-noirmoutier-300x81.jpg 300w, https:\/\/www.camping-jardins-atlantique.com\/wp-content\/uploads\/2022\/07\/pont-noirmoutier-768x209.jpg 768w\" sizes=\"(max-width: 1024px) 100vw, 1024px\" \/><\/figure>\n<\/div>\n<\/div>\n<\/div><\/section>\n\n<section class=\"wp-container-69f25df945bb7 wp-block-group F-10-a has-bleu-clair-background-color has-background\"><div class=\"wp-block-group__inner-container\">\n<div class=\"wp-block-columns\">\n<div class=\"wp-block-column\" style=\"flex-basis:38%\">\n<h3 class=\"has-bleu-color has-text-color\" id=\"plage-de-la-baigneuse\">Beach of the bather<\/h3>\n\n\n\n<p>The beach of the bather is oriented due west with a gentle slope and waters without current, ideal to spend a relaxing moment. Day and night, the beach of La Baigneuse is festive between the activities of the children during the day and the animations of the young people in evening.<\/p>\n\n\n\n<h3 class=\"has-bleu-color has-text-color\" id=\"plage-de-la-base-nautique\">Beach of the nautical base<\/h3>\n\n\n\n<p>The beach of the nautical base is the end of the sea esplanade and the beginning of the more natural beaches and dunes. On this beach, you can enjoy water activities such as surfing or paddle boarding, but also fishing and sand yachting.<\/p>\n\n\n\n<h3 class=\"has-bleu-color has-text-color\" id=\"plage-de-la-paree-du-jonc\">Beach of the Par\u00e9e du Jonc<\/h3>\n\n\n\n<p>The beach of Par\u00e9e du Jonc is a wild beach, bordered by the dune. It is the farthest beach from the center, to offer you calm and nature. Discover the panorama on the Ile d&#8217;Yeu from this beach in Natura 2000 zone.<\/p>\n<\/div>\n\n\n\n<div class=\"wp-block-column\">\n<figure class=\"wp-block-gallery has-nested-images columns-default is-cropped\">\n<figure class=\"wp-block-image size-large\"><img width=\"300\" height=\"200\" src=\"https:\/\/www.camping-jardins-atlantique.com\/wp-content\/uploads\/2022\/07\/beach-4163499_1280-300x200-1.jpg\" alt=\"\" class=\"wp-image-900\"\/><\/figure>\n\n\n\n<figure class=\"wp-block-image size-large\"><img width=\"1920\" height=\"699\" src=\"https:\/\/www.camping-jardins-atlantique.com\/wp-content\/uploads\/2022\/07\/sunset-gb118dc22f_1920.jpg\" alt=\"\" class=\"wp-image-682\" srcset=\"https:\/\/www.camping-jardins-atlantique.com\/wp-content\/uploads\/2022\/07\/sunset-gb118dc22f_1920.jpg 1920w, https:\/\/www.camping-jardins-atlantique.com\/wp-content\/uploads\/2022\/07\/sunset-gb118dc22f_1920-300x109.jpg 300w, https:\/\/www.camping-jardins-atlantique.com\/wp-content\/uploads\/2022\/07\/sunset-gb118dc22f_1920-1024x373.jpg 1024w, https:\/\/www.camping-jardins-atlantique.com\/wp-content\/uploads\/2022\/07\/sunset-gb118dc22f_1920-768x280.jpg 768w, https:\/\/www.camping-jardins-atlantique.com\/wp-content\/uploads\/2022\/07\/sunset-gb118dc22f_1920-1536x559.jpg 1536w\" sizes=\"(max-width: 1920px) 100vw, 1920px\" \/><\/figure>\n<\/figure>\n<\/div>\n<\/div>\n\n\n\n<div class=\"wp-block-columns\">\n<div class=\"wp-block-column\" style=\"flex-basis:38%\">\n<figure class=\"wp-block-image size-large\"><img width=\"1024\" height=\"323\" src=\"https:\/\/www.camping-jardins-atlantique.com\/wp-content\/uploads\/2022\/07\/surfer-ga29163bd8_1920-1024x323.png\" alt=\"\" class=\"wp-image-670\" srcset=\"https:\/\/www.camping-jardins-atlantique.com\/wp-content\/uploads\/2022\/07\/surfer-ga29163bd8_1920-1024x323.png 1024w, https:\/\/www.camping-jardins-atlantique.com\/wp-content\/uploads\/2022\/07\/surfer-ga29163bd8_1920-300x95.png 300w, https:\/\/www.camping-jardins-atlantique.com\/wp-content\/uploads\/2022\/07\/surfer-ga29163bd8_1920-768x242.png 768w, https:\/\/www.camping-jardins-atlantique.com\/wp-content\/uploads\/2022\/07\/surfer-ga29163bd8_1920-1536x485.png 1536w, https:\/\/www.camping-jardins-atlantique.com\/wp-content\/uploads\/2022\/07\/surfer-ga29163bd8_1920.png 1920w\" sizes=\"(max-width: 1024px) 100vw, 1024px\" \/><\/figure>\n<\/div>\n\n\n\n<div class=\"wp-block-column\">\n<h3 class=\"has-bleu-color has-text-color\" id=\"plage-des-demoiselles\">Beach of the damsels<\/h3>\n\n\n\n<p>The beach of the demoiselles is one of the most frequented beaches of the inhabitants of Saint Jean de Monts. It is appreciated for its history, friendliness and accessibility. It has a playground for children, a beach club and shops nearby.<\/p>\n\n\n\n<h3 class=\"has-bleu-color has-text-color\" id=\"plage-des-oiseaux\">Birds&#8217; Beach<\/h3>\n\n\n\n<p>The beach of the birds of Saint Jean de Monts is a beach of fine sand extremely appreciated by the smoothness of its sand the finest of the seaside resort. Children can enjoy activities in the water, while parents can relax under a parasol, sheltered from the Vend\u00e9e sun.<br\/>The Plage des Oiseaux, opposite the tourist office, is overlooked by an esplanade where numerous activities and events take place for the enjoyment of families.<\/p>\n\n\n\n<h3 class=\"has-bleu-color has-text-color\" id=\"plage-de-la-daviere\">Beach of La Davi\u00e8re<\/h3>\n\n\n\n<p>The beach of La Davi\u00e8re is a wild beach starting through the forest. You will be able to practice many activities: petanque, swimming, picnic, water activities, kite surfing, sand yachting, fishing etc.<\/p>\n<\/div>\n<\/div>\n<\/div><\/section>\n\n<section class=\"wp-container-69f25df946034 wp-block-group F-10-a\"><div class=\"wp-block-group__inner-container\">\n<div class=\"wp-block-columns\">\n<div class=\"wp-block-column\">\n<h2 id=\"plage-de-la-baigneuse\"><mark style=\"background-color:rgba(0, 0, 0, 0)\" class=\"has-inline-color has-orange-color\">Stay at<\/mark> Saint Jean de monts <mark style=\"background-color:rgba(0, 0, 0, 0)\" class=\"has-inline-color has-orange-color\">campsite<\/mark> <\/h2>\n\n\n\n<p>Stay in our Saint Jean de Mont campsite and enjoy the seaside, the <a href=\"https:\/\/www.camping-jardins-atlantique.com\/en\/rentals\/\" data-type=\"page\">rental of<\/a> mobile homes or pitches and our <a href=\"https:\/\/www.camping-jardins-atlantique.com\/en\/pool\/\" data-type=\"page\" data-id=\"603\">aquatic area<\/a>, for the pleasure of children and adults. Between two swims at the beach, take advantage of our aquatic space with outdoor pool and its slide as well as our covered and heated pool with sauna and hammam.<\/p>\n\n\n\n<p>For the pleasure of the whole family, discover the Atlantic coast, the numerous walks in the marshes, in Saint Hilaire de Riez, La tranche sur Mer, the national forest&#8230; In our Vend\u00e9e campsite, you will find the activity that will suit you on the beach or inland, for unforgettable vacations in Vend\u00e9e.<\/p>\n<\/div>\n\n\n\n<div class=\"wp-block-column\" style=\"flex-basis:38%\">\n<figure class=\"wp-block-image size-full\"><img width=\"900\" height=\"554\" src=\"https:\/\/www.camping-jardins-atlantique.com\/wp-content\/uploads\/2022\/07\/locacion-ja8.jpg\" alt=\"\" class=\"wp-image-586\" srcset=\"https:\/\/www.camping-jardins-atlantique.com\/wp-content\/uploads\/2022\/07\/locacion-ja8.jpg 900w, https:\/\/www.camping-jardins-atlantique.com\/wp-content\/uploads\/2022\/07\/locacion-ja8-300x185.jpg 300w, https:\/\/www.camping-jardins-atlantique.com\/wp-content\/uploads\/2022\/07\/locacion-ja8-768x473.jpg 768w\" sizes=\"(max-width: 900px) 100vw, 900px\" \/><\/figure>\n<\/div>\n<\/div>\n<\/div><\/section>\n","protected":false},"excerpt":{"rendered":"<p>The beaches of Saint Jean de Monts The beaches in Saint Jean de Monts, in the Vend\u00e9e Our 4 star campsite Les Jardins de l&#8217;Atlantique, in Saint Jean de Monts, is located 1800 meters from the beach. Ideal to spend vacations with family or friends in camping and enjoy the beach of the Atlantic Ocean. [&hellip;]<\/p>\n","protected":false},"author":1,"featured_media":0,"parent":0,"menu_order":0,"comment_status":"closed","ping_status":"closed","template":"","meta":[],"acf":[],"_links":{"self":[{"href":"https:\/\/www.camping-jardins-atlantique.com\/en\/wp-json\/wp\/v2\/pages\/1216"}],"collection":[{"href":"https:\/\/www.camping-jardins-atlantique.com\/en\/wp-json\/wp\/v2\/pages"}],"about":[{"href":"https:\/\/www.camping-jardins-atlantique.com\/en\/wp-json\/wp\/v2\/types\/page"}],"author":[{"embeddable":true,"href":"https:\/\/www.camping-jardins-atlantique.com\/en\/wp-json\/wp\/v2\/users\/1"}],"replies":[{"embeddable":true,"href":"https:\/\/www.camping-jardins-atlantique.com\/en\/wp-json\/wp\/v2\/comments?post=1216"}],"version-history":[{"count":5,"href":"https:\/\/www.camping-jardins-atlantique.com\/en\/wp-json\/wp\/v2\/pages\/1216\/revisions"}],"predecessor-version":[{"id":3157,"href":"https:\/\/www.camping-jardins-atlantique.com\/en\/wp-json\/wp\/v2\/pages\/1216\/revisions\/3157"}],"wp:attachment":[{"href":"https:\/\/www.camping-jardins-atlantique.com\/en\/wp-json\/wp\/v2\/media?parent=1216"}],"curies":[{"name":"wp","href":"https:\/\/api.w.org\/{rel}","templated":true}]}}