{"id":1234,"date":"2022-10-05T17:24:50","date_gmt":"2022-10-05T15:24:50","guid":{"rendered":"https:\/\/www.camping-jardins-atlantique.com\/saint-jean-de-monts\/"},"modified":"2026-03-27T11:35:21","modified_gmt":"2026-03-27T10:35:21","slug":"saint-jean-de-monts","status":"publish","type":"page","link":"https:\/\/www.camping-jardins-atlantique.com\/en\/saint-jean-de-monts\/","title":{"rendered":"Saint-Jean-De-Monts"},"content":{"rendered":"\n<figure class=\"wp-block-image alignfull size-full\"><img width=\"1280\" height=\"960\" src=\"https:\/\/www.camping-jardins-atlantique.com\/wp-content\/uploads\/2022\/07\/index8.jpg\" alt=\"\" class=\"wp-image-898\" srcset=\"https:\/\/www.camping-jardins-atlantique.com\/wp-content\/uploads\/2022\/07\/index8.jpg 1280w, https:\/\/www.camping-jardins-atlantique.com\/wp-content\/uploads\/2022\/07\/index8-300x225.jpg 300w, https:\/\/www.camping-jardins-atlantique.com\/wp-content\/uploads\/2022\/07\/index8-1024x768.jpg 1024w, https:\/\/www.camping-jardins-atlantique.com\/wp-content\/uploads\/2022\/07\/index8-768x576.jpg 768w\" sizes=\"(max-width: 1280px) 100vw, 1280px\" \/><\/figure>\n\n<section class=\"wp-container-69fb699d5dd70 wp-block-group F-10-a has-bleu-clair-background-color has-background\"><div class=\"wp-block-group__inner-container\">\n<div class=\"wp-block-columns\">\n<div class=\"wp-block-column\" style=\"flex-basis:60%\">\n<h1 id=\"location-de-mobil-homes-a-saint-jean-de-monts\">Camping Saint Jean de Mont, <strong>Vend\u00e9e<\/strong><\/h1>\n\n\n\n<h2 class=\"titre3 has-bleu-color has-text-color\" id=\"que-faire-a-saint-jean-de-monts-pres-du-camping\">What to do in Saint Jean De Monts near the campsite?<\/h2>\n\n\n\n<p>Want to go <strong>to St Jean de Mont<\/strong> during your next stay in <strong>Vend\u00e9e<\/strong>?<\/p>\n\n\n\n<p>Discover its maritime landscapes, the beauty of its fine sandy beaches and its multitude of activities adapted to the whole family. The seaside resort of the C\u00f4te de Lumi\u00e8re has plenty to offer visitors.<br\/>St Jean de Monts is the perfect destination for an unforgettable seaside holiday, camping in the Vend\u00e9e.<\/p>\n<\/div>\n\n\n\n<div class=\"wp-block-column\">\n<figure class=\"wp-block-image size-large\"><img width=\"1024\" height=\"274\" src=\"https:\/\/www.camping-jardins-atlantique.com\/wp-content\/uploads\/2022\/07\/plage-barre-de-monts-1024x274.jpg\" alt=\"\" class=\"wp-image-680\" srcset=\"https:\/\/www.camping-jardins-atlantique.com\/wp-content\/uploads\/2022\/07\/plage-barre-de-monts-1024x274.jpg 1024w, https:\/\/www.camping-jardins-atlantique.com\/wp-content\/uploads\/2022\/07\/plage-barre-de-monts-300x80.jpg 300w, https:\/\/www.camping-jardins-atlantique.com\/wp-content\/uploads\/2022\/07\/plage-barre-de-monts-768x205.jpg 768w, https:\/\/www.camping-jardins-atlantique.com\/wp-content\/uploads\/2022\/07\/plage-barre-de-monts.jpg 1040w\" sizes=\"(max-width: 1024px) 100vw, 1024px\" \/><\/figure>\n<\/div>\n<\/div>\n<\/div><\/section>\n\n<section class=\"wp-container-69fb699d5e27b wp-block-group F-10-a\"><div class=\"wp-block-group__inner-container\">\n<div class=\"wp-block-columns\">\n<div class=\"wp-block-column\" style=\"flex-basis:38%\">\n<figure class=\"wp-block-image size-large\"><img width=\"1024\" height=\"550\" src=\"https:\/\/www.camping-jardins-atlantique.com\/wp-content\/uploads\/2022\/07\/Rectangle-23-1024x550.png\" alt=\"\" class=\"wp-image-515\" srcset=\"https:\/\/www.camping-jardins-atlantique.com\/wp-content\/uploads\/2022\/07\/Rectangle-23-1024x550.png 1024w, https:\/\/www.camping-jardins-atlantique.com\/wp-content\/uploads\/2022\/07\/Rectangle-23-300x161.png 300w, https:\/\/www.camping-jardins-atlantique.com\/wp-content\/uploads\/2022\/07\/Rectangle-23-768x413.png 768w, https:\/\/www.camping-jardins-atlantique.com\/wp-content\/uploads\/2022\/07\/Rectangle-23.png 1094w\" sizes=\"(max-width: 1024px) 100vw, 1024px\" \/><\/figure>\n<\/div>\n\n\n\n<div class=\"wp-block-column\">\n<h2 id=\"camping-saint-jean-de-mont-cote-plage\">Camping Saint Jean de Mont, <mark style=\"background-color:rgba(0, 0, 0, 0)\" class=\"has-inline-color has-vert-color\">beach side<\/mark><\/h2>\n\n\n\n<p>The peaceful seaside resort of <strong>Saint-Jean-de-Monts<\/strong> is located on the C\u00f4te de Lumi\u00e8re in Vend\u00e9e. It is an ideal destination for a vacation based on relaxation, discovery or leisure, for young and old. In fact, in St Jean de Monts you\u2019ll be spoilt for choice, thanks in particular to its beautiful, long <a href=\"https:\/\/www.camping-jardins-atlantique.com\/en\/the-beaches-of-saint-jean-de-monts\/\" data-type=\"page\" data-id=\"619\">beaches<\/a>, where you can enjoy time with your family and choose between a swim or simply relaxing. <\/p>\n\n\n\n<h3 class=\"= has-vert-color has-text-color\" id=\"location-de-mobil-homes-a-saint-jean-de-monts\">Camping Saint Jean De Monts, plage des Demoiselles<\/h3>\n\n\n\n<p>Don&#8217;t miss the &#8221; <strong>plage des demoiselles<\/strong>&#8220;, which offers the choice of lounging, swimming, beach activities, but also water sports. You will find on the beach of the demoiselles in Saint Jean de Monts, a playground for children, a beach club with many activities and animations all summer long. The beach is supervised in July and August. Children will be able to play in the water while parents can lounge in the sun. Discover the beach with the tides and enjoy a beautiful sunset.<\/p>\n<\/div>\n<\/div>\n\n\n\n<div class=\"wp-block-columns\">\n<div class=\"wp-block-column\">\n<h2 id=\"decouvrir-les-activites-sportives-et-loisirs-de-st-jean-de-monts\">Discover the sports and leisure activities in St Jean de Monts<\/h2>\n\n\n\n<h3 class=\"has-vert-color has-text-color\" id=\"les-activites-nautiques\">Water activities<\/h3>\n\n\n\n<p>Head to the <a rel=\"noreferrer noopener\" href=\"https:\/\/www.labasenautique.fr\/\" target=\"_blank\">water sports centre<\/a> in St Jean de Monts to choose your favourite activity: plenty of waves for surfing or calm enough for paddleboarding or canoeing. You can also try windsurfing, surfing, catamaran sailing, and more.  Moreover, you will benefit from its climate which is particularly sunny.<\/p>\n\n\n\n<p>To take full advantage of the landscapes of<strong> St Jean de Monts<\/strong>, get on a bike and take the bike paths along the Vend\u00e9e coast or in the forest of the Pays de Monts. Our campsite Saint Jean de mont is close to the cycle tracks, the V\u00e9lodyss\u00e9e and the <a href=\"https:\/\/www.camping-jardins-atlantique.com\/en\/walks-in-st-jean-de-monts-near-the-campsite\/\" data-type=\"page\" data-id=\"621\">walks <\/a>. To make the most of the natural surroundings, you can also enjoy a boat or rowing boat trip.<br\/>The leisure facilities in Saint-Jean-de-Monts also offer opportunities for golf, fishing and more. In addition to these sports <a href=\"https:\/\/www.camping-jardins-atlantique.com\/activites-saint-jean-de-monts\/\" data-type=\"page\" data-id=\"605\">activities<\/a>, Saint-Jean-de-Monts is also animated throughout the year by events and festivities.<\/p>\n<\/div>\n\n\n\n<div class=\"wp-block-column\">\n<h3 class=\"has-vert-color has-text-color\" id=\"activites-familiales-a-st-jean-de-monts\">Family activities in St Jean De Monts<\/h3>\n\n\n\n<p>Take advantage of your family vacation to do a lot of activities! There\u2019s something for everyone: relaxation, wellness, water sports, sport, nature\u2026 Discover nearby leisure parks offering mini golf, escape rooms, quad biking, tree-top adventure courses and many other outdoor activities at Explora Parc<a href=\"https:\/\/exploraparc.com\/\">, such as laser tag, archery tag, archery and more. Ideal for a family-friendly day out packed with <\/a>activities and experiences.<\/p>\n\n\n\n<h3 class=\"has-vert-color has-text-color\" id=\"visiter-les-lieux-culturels-de-st-jean-de-monts\">Visit the cultural places of St Jean De Monts<\/h3>\n\n\n\n<p>Lovers of discovery and cultural stays will also be well served in this seaside resort. Indeed, it abounds in many sites to discover near St Jean de Monts. Among them, you can count on <a href=\"https:\/\/www.biotopia.fr\/\" target=\"_blank\" rel=\"noreferrer noopener\">Biotopia<\/a> and located in the small resort of <strong>Notre Dame de Monts<\/strong><\/p>\n\n\n\n<p>After this part of the tour, a detour to the Rair\u00e9 mill, located less than 15 minutes from Saint-Jean-de-Monts in Sallertaine \u2013 known as the \u2018Ile aux Artisans\u2019 \u2013 will give you the chance to explore another side of the Saint-Jean-de-Monts region. The Marais Breton Vend\u00e9en, the state forest of the Pays de Monts, the Salt Route are also part of the places not to be missed during your stay in the Atlantic Gardens.<\/p>\n<\/div>\n<\/div>\n<\/div><\/section>\n\n<section class=\"wp-container-69fb699d5e6d9 wp-block-group F-10-a has-bleu-clair-background-color has-background\"><div class=\"wp-block-group__inner-container\">\n<div class=\"wp-block-columns\">\n<div class=\"wp-block-column\">\n<h2 id=\"location-de-mobil-homes-a-saint-jean-de-monts\">Stay in our campsite <strong>in St Jean de Monts<\/strong><\/h2>\n\n\n\n<h3 class=\"has-bleu-color has-text-color\" id=\"que-faire-a-saint-jean-de-monts-pres-du-camping\">Mobile home rental in Saint Jean De Monts<\/h3>\n\n\n\n<p>In addition to its natural assets, Saint-Jean-de-Monts has many comfortable campsites. Indeed, the success of a vacation in this town depends on quality accommodation.<\/p>\n\n\n\n<p>For this, the <strong>4 star St Jean de Monts campsite<\/strong>, <a href=\"https:\/\/www.camping-jardins-atlantique.com\/en\/\" data-type=\"page\" data-id=\"5\">Les jardins de l&#8217;Atlantique<\/a> offers a wide range of mobile home rentals. Ideal to enjoy your summer vacation with your family and friends, we offer a variety of <a href=\"https:\/\/www.camping-jardins-atlantique.com\/en\/rentals\/\" data-type=\"page\">mobile home rentals<\/a> from 4 to 6 people, for a memorable stay.<\/p>\n<\/div>\n\n\n\n<div class=\"wp-block-column\" style=\"flex-basis:38%\">\n<figure class=\"wp-block-image size-large\"><img width=\"1024\" height=\"768\" src=\"https:\/\/www.camping-jardins-atlantique.com\/wp-content\/uploads\/2022\/07\/Panama-1024x768.jpg\" alt=\"\" class=\"wp-image-508\" srcset=\"https:\/\/www.camping-jardins-atlantique.com\/wp-content\/uploads\/2022\/07\/Panama-1024x768.jpg 1024w, https:\/\/www.camping-jardins-atlantique.com\/wp-content\/uploads\/2022\/07\/Panama-300x225.jpg 300w, https:\/\/www.camping-jardins-atlantique.com\/wp-content\/uploads\/2022\/07\/Panama-768x576.jpg 768w, https:\/\/www.camping-jardins-atlantique.com\/wp-content\/uploads\/2022\/07\/Panama-1536x1152.jpg 1536w, https:\/\/www.camping-jardins-atlantique.com\/wp-content\/uploads\/2022\/07\/Panama.jpg 2000w\" sizes=\"(max-width: 1024px) 100vw, 1024px\" \/><\/figure>\n<\/div>\n<\/div>\n\n\n\n<div class=\"wp-block-columns\">\n<div class=\"wp-block-column\">\n<h3 class=\"has-bleu-color has-text-color\" id=\"camping-saint-jean-de-monts-emplacements\">Camping Saint Jean De Monts locations<\/h3>\n\n\n\n<p>Want to stay in a tent, caravan or camper? Our Vend\u00e9e campsite offers you tree-lined and delimited pitches to settle in peacefully.<\/p>\n\n\n\n<p>Our Saint Jean de Monts campsite is the ideal starting point to discover the Vend\u00e9e and the Atlantic coast.<\/p>\n<\/div>\n\n\n\n<div class=\"wp-block-column\">\n<h3 class=\"has-bleu-color has-text-color\" id=\"camping-saint-jean-de-monts-avec-piscine\">Camping Saint Jean De Monts with pool<\/h3>\n\n\n\n<p>At the campsite Les Jardins de l&#8217;Atlantique, you can also enjoy the pleasures of a <strong>St Jean de Monts campsite with swimming pools<\/strong>. Moreover, it is not only a pool which awaits you there since the camp-site counts not one but <a href=\"https:\/\/www.camping-jardins-atlantique.com\/en\/pool\/\" data-type=\"page\" data-id=\"603\">two water parks<\/a>! Swimming in the pool, sliding on the slide, relaxing on the deckchairs, relaxing in the jacuzzi, your vacations will be unforgettable in Saint-Jean-de-Monts.<\/p>\n<\/div>\n<\/div>\n<\/div><\/section>\n","protected":false},"excerpt":{"rendered":"<p>Camping Saint Jean de Mont, Vend\u00e9e What to do in Saint Jean De Monts near the campsite? Want to go to St Jean de Mont during your next stay in Vend\u00e9e? Discover its maritime landscapes, the beauty of its fine sandy beaches and its multitude of activities adapted to the whole family. The seaside resort [&hellip;]<\/p>\n","protected":false},"author":1,"featured_media":0,"parent":0,"menu_order":0,"comment_status":"closed","ping_status":"closed","template":"","meta":[],"acf":[],"_links":{"self":[{"href":"https:\/\/www.camping-jardins-atlantique.com\/en\/wp-json\/wp\/v2\/pages\/1234"}],"collection":[{"href":"https:\/\/www.camping-jardins-atlantique.com\/en\/wp-json\/wp\/v2\/pages"}],"about":[{"href":"https:\/\/www.camping-jardins-atlantique.com\/en\/wp-json\/wp\/v2\/types\/page"}],"author":[{"embeddable":true,"href":"https:\/\/www.camping-jardins-atlantique.com\/en\/wp-json\/wp\/v2\/users\/1"}],"replies":[{"embeddable":true,"href":"https:\/\/www.camping-jardins-atlantique.com\/en\/wp-json\/wp\/v2\/comments?post=1234"}],"version-history":[{"count":5,"href":"https:\/\/www.camping-jardins-atlantique.com\/en\/wp-json\/wp\/v2\/pages\/1234\/revisions"}],"predecessor-version":[{"id":3159,"href":"https:\/\/www.camping-jardins-atlantique.com\/en\/wp-json\/wp\/v2\/pages\/1234\/revisions\/3159"}],"wp:attachment":[{"href":"https:\/\/www.camping-jardins-atlantique.com\/en\/wp-json\/wp\/v2\/media?parent=1234"}],"curies":[{"name":"wp","href":"https:\/\/api.w.org\/{rel}","templated":true}]}}